{"id":25,"date":"2016-08-25T15:47:10","date_gmt":"2016-08-25T14:47:10","guid":{"rendered":"http:\/\/www.cecbacaspe.es\/site\/?page_id=25"},"modified":"2017-07-25T18:57:22","modified_gmt":"2017-07-25T16:57:22","slug":"presentacion","status":"publish","type":"page","link":"https:\/\/www.cecbacaspe.es\/site\/presentacion\/","title":{"rendered":"Presentaci\u00f3n"},"content":{"rendered":"<p>El Centro de Estudios Comarcales del Bajo Arag\u00f3n \u2013 Caspe (CECBAC) es una de las filiales, de \u00e1mbito comarcal, de la Instituci\u00f3n \u00abFernando el Cat\u00f3lico\u00bb, \u00f3rgano de cultura de la Excma. Diputaci\u00f3n Provincial de Zaragoza, adscrito al Consejo Superior de Investigaciones Cient\u00edficas (C.S.I.C.)<\/p>\n<p>Las fiestas patronales de 1954 sirvieron de marco temporal para la creaci\u00f3n del Centro de Estudios \u00abGrupo Cultural Caspolino\u00bb. Radicado en Caspe, este Centro filial de la Instituci\u00f3n \u00abFernando el Cat\u00f3lico\u00bb implantado en el Bajo Arag\u00f3n tiene como principal objetivo, recogido en sus estatutos, promover las actividades culturales y fomentar la investigaci\u00f3n y estudio de las m\u00faltiples manifestaciones culturales de sus gentes.<\/p>\n<p>El cat\u00e1logo de publicaciones, que supera el centenar, se inicia en junio de 1974. Conmemorando el \u201cCompromiso de Caspe\u201d se edita La colegiata de Santa Mar\u00eda la Mayor y el castillo del Compromiso en Caspe. Puede considerarse \u00e9sta la primera de la colecci\u00f3n de monograf\u00edas. Paulatinamente ir\u00edan apareciendo otras colecciones: la revista cient\u00edfica interdisciplinar Cuadernos de Estudios Caspolinos; Empeltre, donde se prioriza lo visual y divulgativo; Senderos, para mostrar facetas espec\u00edficas del medio natural; y la m\u00e1s reciente, Im\u00e1genes, con la que la recuperaci\u00f3n de fotograf\u00edas antiguas nos acerca a nuestra historia m\u00e1s reciente.<\/p>\n<p>De la historia m\u00e1s remota se ocupa el \u00e1rea de Arqueolog\u00eda. La prospecci\u00f3n y catalogaci\u00f3n de yacimientos ha permitido conocer y valorar el vasto patrimonio arqueol\u00f3gico de la zona. Bajo Arag\u00f3n. Prehistoria es la revista cient\u00edfica especializada que edita esta secci\u00f3n y que se distribuye, en r\u00e9gimen de intercambio, con instituciones se\u00f1eras en esta especialidad.<\/p>\n<p>Se han organizado congresos y jornadas especializadas sobre Arqueolog\u00eda, Psicoan\u00e1lisis, Antropolog\u00eda, Endorreismo, Historia Medieval, Arte, etc., la mayor parte de los cuales han visto publicadas sus actas. Adem\u00e1s, desde 2000 organiza cursos de verano sobre temas agroalimentarios.<\/p>\n<p>Conciertos musicales, tertulias literarias, conferencias sobre los m\u00e1s variados temas, cert\u00e1menes de fotograf\u00eda, cinef\u00f3rum y exposiciones, vienen a completar las actividades del Centro de Estudios.<\/p>\n<p>La actividad expositora ha creado una colecci\u00f3n de arte contempor\u00e1neo en la que predomina la pintura, escultura, dibujo y fotograf\u00eda, contando con obras de Jos\u00e9 Or\u00fas, Virgilio Albiac, Eelco Glastra, Fernando Gamundi, etc.<br \/>\nDispone de una biblioteca especializada en Arqueolog\u00eda y de un abundante archivo documental, fotogr\u00e1fico, sonoro y videogr\u00e1fico a disposici\u00f3n de estudiosos e investigadores.<\/p>\n<p>La sede del Centro de Estudios Comarcales del Bajo Arag\u00f3n-Caspe est\u00e1 instalada en la Casa-Palacio Piazuelo-Barber\u00e1n, un palacio del siglo XVII que est\u00e1 considerado como el edificio civil m\u00e1s importante de la ciudad y el de mayor valor art\u00edstico. Fue restaurado por la Diputaci\u00f3n Provincial de Zaragoza y en \u00e9l se ubican tambi\u00e9n la Biblioteca Municipal y la sala de exposiciones de la ciudad.<\/p>\n","protected":false},"excerpt":{"rendered":"<p>El Centro de Estudios Comarcales del Bajo Arag\u00f3n \u2013 Caspe (CECBAC) es una de las filiales, de \u00e1mbito comarcal, de la Instituci\u00f3n \u00abFernando el Cat\u00f3lico\u00bb, \u00f3rgano de cultura de la Excma. Diputaci\u00f3n Provincial de Zaragoza, adscrito al Consejo Superior de <span class=\"excerpt-dots\">&hellip;<\/span> <a class=\"more-link\" href=\"https:\/\/www.cecbacaspe.es\/site\/presentacion\/\"><span class=\"more-msg\">Sigue leyendo &rarr;<\/span><\/a><\/p>\n","protected":false},"author":1,"featured_media":0,"parent":0,"menu_order":0,"comment_status":"closed","ping_status":"closed","template":"","meta":{"_acf_changed":false,"footnotes":""},"acf":[],"_links":{"self":[{"href":"https:\/\/www.cecbacaspe.es\/site\/wp-json\/wp\/v2\/pages\/25"}],"collection":[{"href":"https:\/\/www.cecbacaspe.es\/site\/wp-json\/wp\/v2\/pages"}],"about":[{"href":"https:\/\/www.cecbacaspe.es\/site\/wp-json\/wp\/v2\/types\/page"}],"author":[{"embeddable":true,"href":"https:\/\/www.cecbacaspe.es\/site\/wp-json\/wp\/v2\/users\/1"}],"replies":[{"embeddable":true,"href":"https:\/\/www.cecbacaspe.es\/site\/wp-json\/wp\/v2\/comments?post=25"}],"version-history":[{"count":3,"href":"https:\/\/www.cecbacaspe.es\/site\/wp-json\/wp\/v2\/pages\/25\/revisions"}],"predecessor-version":[{"id":312,"href":"https:\/\/www.cecbacaspe.es\/site\/wp-json\/wp\/v2\/pages\/25\/revisions\/312"}],"wp:attachment":[{"href":"https:\/\/www.cecbacaspe.es\/site\/wp-json\/wp\/v2\/media?parent=25"}],"curies":[{"name":"wp","href":"https:\/\/api.w.org\/{rel}","templated":true}]}}